{"id":11791,"date":"2025-10-02T04:29:15","date_gmt":"2025-10-02T04:29:15","guid":{"rendered":"https:\/\/icare-ae.com\/?post_type=product&#038;p=11791"},"modified":"2025-10-02T04:29:16","modified_gmt":"2025-10-02T04:29:16","slug":"%d8%b5%d8%a8%d8%ba%d8%a9-%d8%b4%d8%b9%d8%b1-%d9%83%d8%a7%d8%b3%d8%aa%d9%86%d8%ba-%d9%83%d8%b1%d9%8a%d9%85-%d9%82%d9%84%d9%88%d8%b3-%d9%85%d9%86-%d9%84%d9%88%d8%b1%d9%8a%d8%a7%d9%84-%d8%a8%d8%a7-4","status":"publish","type":"product","link":"https:\/\/icare-ae.com\/en\/product\/%d8%b5%d8%a8%d8%ba%d8%a9-%d8%b4%d8%b9%d8%b1-%d9%83%d8%a7%d8%b3%d8%aa%d9%86%d8%ba-%d9%83%d8%b1%d9%8a%d9%85-%d9%82%d9%84%d9%88%d8%b3-%d9%85%d9%86-%d9%84%d9%88%d8%b1%d9%8a%d8%a7%d9%84-%d8%a8%d8%a7-4\/","title":{"rendered":"L&#039;Or\u00e9al Paris Casting Creme Gloss Hair Color - 600 Dark Blonde"},"content":{"rendered":"<p>L&#039;Or\u00e9al Paris Casting Cr\u00e8me Gloss \u2013 600 Dark Blonde<\/p>\n<p><strong>Type of dye<\/strong><br \/>\nSemi-permanent and ammonia-free<\/p>\n<p><strong>Features<\/strong><br \/>\nNatural dark blonde color and healthy shine<br \/>\nIt covers gray hair to a good extent<br \/>\nLasts up to 28 washes<br \/>\nContains a nourishing balm with royal jelly<\/p>\n<p><strong>How to use<\/strong><br \/>\nApply for 20 to 30 minutes to dry hair, then rinse.<\/p>\n<p><strong>note<\/strong><br \/>\nIt is recommended to perform a sensitivity test 48 hours before use.<\/p>","protected":false},"excerpt":{"rendered":"<p># Hair Cream # Hair Care # Hair Conditioner # Hair Conditioner # Care # Curly Hair # Straight Hair # Hair Straightening<\/p>","protected":false},"featured_media":11792,"comment_status":"open","ping_status":"closed","template":"","meta":{"_crdt_document":""},"product_brand":[342],"product_cat":[87,119],"product_tag":[],"class_list":{"0":"post-11791","1":"product","2":"type-product","3":"status-publish","4":"has-post-thumbnail","6":"product_brand-loreal-paris","7":"product_cat-87","8":"product_cat-119","10":"first","11":"instock","12":"sale","13":"shipping-taxable","14":"purchasable","15":"product-type-simple"},"ct_brands":[{"id":342,"name":"L&#039;Or\u00e9al Paris","slug":"loreal-paris"}],"_links":{"self":[{"href":"https:\/\/icare-ae.com\/en\/wp-json\/wp\/v2\/product\/11791","targetHints":{"allow":["GET"]}}],"collection":[{"href":"https:\/\/icare-ae.com\/en\/wp-json\/wp\/v2\/product"}],"about":[{"href":"https:\/\/icare-ae.com\/en\/wp-json\/wp\/v2\/types\/product"}],"replies":[{"embeddable":true,"href":"https:\/\/icare-ae.com\/en\/wp-json\/wp\/v2\/comments?post=11791"}],"version-history":[{"count":0,"href":"https:\/\/icare-ae.com\/en\/wp-json\/wp\/v2\/product\/11791\/revisions"}],"wp:featuredmedia":[{"embeddable":true,"href":"https:\/\/icare-ae.com\/en\/wp-json\/wp\/v2\/media\/11792"}],"wp:attachment":[{"href":"https:\/\/icare-ae.com\/en\/wp-json\/wp\/v2\/media?parent=11791"}],"wp:term":[{"taxonomy":"product_brand","embeddable":true,"href":"https:\/\/icare-ae.com\/en\/wp-json\/wp\/v2\/product_brand?post=11791"},{"taxonomy":"product_cat","embeddable":true,"href":"https:\/\/icare-ae.com\/en\/wp-json\/wp\/v2\/product_cat?post=11791"},{"taxonomy":"product_tag","embeddable":true,"href":"https:\/\/icare-ae.com\/en\/wp-json\/wp\/v2\/product_tag?post=11791"}],"curies":[{"name":"wp","href":"https:\/\/api.w.org\/{rel}","templated":true}]}}